{"id":27,"date":"2024-03-14T08:54:57","date_gmt":"2024-03-14T07:54:57","guid":{"rendered":"https:\/\/deispaz.org\/?page_id=27"},"modified":"2024-03-14T15:25:45","modified_gmt":"2024-03-14T14:25:45","slug":"terminos-de-uso","status":"publish","type":"page","link":"https:\/\/deispaz.org\/index.php\/terminos-de-uso\/","title":{"rendered":"Terminos de uso"},"content":{"rendered":"\n<p><strong>AVISO LEGAL.<\/strong><\/p>\n\n\n\n<p><strong>1. ACEPTACI\u00d3N\u00a0DE\u00a0LOS\u00a0T\u00c9R\u00adMI\u00adNOS\u00a0DE\u00a0USO<\/strong><br>La visita o acceso a este sitio web es abso\u00adlu\u00adta\u00admente vol\u00adun\u00adtaria atribuyendo a quien accede al mismo la condi\u00adci\u00f3n de usuario. Aten\u00addi\u00adendo a su condi\u00adci\u00f3n de usuario, y por el hecho de acceder a este sitio web propiedad de\u00a0<strong>DEISPAZ<\/strong>\u00a0se le exige la aceptaci\u00f3n de los T\u00e9r\u00admi\u00adnos de uso que en cada momento se encuen\u00adtren vigentes en la pre\u00adsente direc\u00adci\u00f3n, por lo cual el usuario deber\u00e1 leer detenida\u00admente y acep\u00adtar sin ning\u00fan tipo de reser\u00advas la pre\u00adsente Adver\u00adten\u00adcia Legal antes de realizar cualquier tipo de operaci\u00f3n, vision\u00adado, uti\u00adlizaci\u00f3n, etc. con este sitio web.<\/p>\n\n\n\n<p><strong>2.MOD\u00adI\u00adFI\u00adCA\u00adCIONES\u00a0DEL\u00a0PRE\u00adSENTE\u00a0AVISO\u00a0LEGAL<\/strong><br><strong>DEISPAZ<\/strong>\u00a0se reserva el dere\u00adcho a mod\u00adi\u00adficar el pre\u00adsente aviso para adap\u00adtarlo a las novedades leg\u00adisla\u00adti\u00advas o jurispru\u00adden\u00adciales as\u00ed como mod\u00adi\u00adfi\u00adca\u00adciones o pr\u00e1c\u00adti\u00adcas de la empresa.\u00a0<br>En tales casos, una vez cono\u00adcida la mod\u00adi\u00adfi\u00adcaci\u00f3n por\u00a0<strong>DEISPAZ<\/strong>, se avis\u00adar\u00e1 con antelaci\u00f3n pru\u00adden\u00adcial de los cam\u00adbios que se vayan a intro\u00adducir en el pre\u00adsente Aviso Legal con\u00adcernientes a las Condi\u00adciones Gen\u00aderales de Uso, Pol\u00edtica de Pro\u00adtec\u00adci\u00f3n de Datos y dem\u00e1s nor\u00adma\u00adtiva aplic\u00ada\u00adble a los Ser\u00advi\u00adcios de la Sociedad de la Infor\u00adma\u00adci\u00f3n, y de cu\u00e1ndo comen\u00adzar\u00e1n a sur\u00adtir plenos efec\u00adtos los cam\u00adbios.\u00a0<\/p>\n\n\n\n<p><strong>3.OBJETO<\/strong><br><strong>DEISPAZ\u00a0<\/strong>pro\u00adpor\u00adciona infor\u00adma\u00adci\u00f3n clara y gra\u00adtuita a los usuar\u00adios sobre los proyectos que realiza el\u00a0CONSORCIO POR EL DESARROLLO INTEGRAL SOSTENIBLE Y LA PAZ \u00a0DEL GUAVIARE, sus car\u00adac\u00adter\u00eds\u00adti\u00adcas e infor\u00adma\u00adci\u00f3n sobre la propia enti\u00addad. En la p\u00e1gina web de\u00a0<strong>DEISPAZ<\/strong>\u00a0se real\u00adizan enlaces (links) a otras p\u00e1gi\u00adnas como la organizaciones y entidades, las cuales no son ges\u00adtion\u00adadas direc\u00adta\u00admente por\u00a0<strong>DEISPAZ<\/strong>\u00a0cuya fun\u00adci\u00f3n es mostrar tra\u00adba\u00adjos real\u00adiza\u00addos por\u00a0<strong>DEISPAZ<\/strong>. Dichos enlaces provienen de otras fuentes de infor\u00adma\u00adci\u00f3n, no suponiendo su inclusi\u00f3n recomen\u00addaci\u00f3n, invitaci\u00f3n o sug\u00aderen\u00adcia para la visita de las p\u00e1gi\u00adnas de des\u00adtino y por lo tanto, teniendo en cuenta que en las mis\u00admas\u00a0<strong>DEISPAZ<\/strong>\u00a0no puede con\u00adtro\u00adlar que los con\u00adtenidos, infor\u00adma\u00adciones y enlaces sean acce\u00adsi\u00adbles desde su web, ni ase\u00adgu\u00adrar que est\u00e9n com\u00adple\u00adtos y libres de errores y actu\u00adal\u00adiza\u00addos en todo momento.\u00a0<strong>DEISPAZ<\/strong>\u00a0dec\u00adlina toda respon\u00ads\u00adabil\u00adi\u00addad que pud\u00adiese sur\u00adgir al acceder a las p\u00e1gi\u00adnas de ter\u00adceros.<\/p>\n\n\n\n<p>Al vis\u00adi\u00adtar y uti\u00adlizar\u00a0<strong>DEISPAZ<\/strong>\u00a0usted acepta el hecho de que su propi\u00adetario se reserva el dere\u00adcho a mod\u00adi\u00adficar o sus\u00adpender las p\u00e1gi\u00adnas disponibles, el sitio web, o a bor\u00adrar tem\u00adpo\u00adral o defin\u00adi\u00adti\u00adva\u00admente los datos que ha ofre\u00adcido, en cualquier momento, sin pre\u00advio aviso y sin ning\u00fan tipo de respon\u00ads\u00adabil\u00adi\u00addad con los usuar\u00adios.\u00a0<\/p>\n\n\n\n<p>Con los l\u00edmites estable\u00adci\u00addos en la Ley,\u00a0<strong>DEISPAZ<\/strong>\u00a0no asume ninguna respon\u00ads\u00adabil\u00adi\u00addad derivada de la falta de actu\u00adal\u00adizaci\u00f3n y pre\u00adcisi\u00f3n de los datos o infor\u00adma\u00adciones que se con\u00adtienen en sus p\u00e1gi\u00adnas de Inter\u00adnet.\u00a0<br><\/p>\n\n\n\n<p><strong>4.\u00a0PROPIEDAD\u00a0INT\u00adELEC\u00adTUAL<\/strong><br>El usuario entiende que todo el mate\u00adr\u00adial y con\u00adtenido de la p\u00e1gina: los tex\u00adtos, im\u00e1\u00adgenes, ani\u00adma\u00adciones, soft\u00adware y resto de con\u00adtenidos inclu\u00adi\u00addos en este sitio web son propiedad exclu\u00adsiva de\u00a0<strong>DEISPAZ<\/strong>\u00a0o de sus licen\u00adciantes, salvo en lo men\u00adcionado en el apartado ante\u00adrior ref\u00ader\u00adente a hiper\u00adv\u00edn\u00adcu\u00adlos.\u00a0<br>Por lo tanto, el usuario s\u00f3lo est\u00e1 autor\u00adizado a visu\u00adalizar todo el mate\u00adr\u00adial y con\u00adtenido de esta p\u00e1gina tal y como se pre\u00adsenta y a descar\u00adgar en una sola com\u00adputa\u00addora una copia del mate\u00adr\u00adial para su uso per\u00adsonal y pri\u00advado, nunca con prop\u00f3si\u00adtos com\u00ader\u00adciales, siem\u00adpre que el usuario cumpla con todas las nor\u00adma\u00adti\u00advas de propiedad indus\u00adtrial e int\u00adelec\u00adtual.\u00a0<br><strong>DEISPAZ\u00a0<\/strong>autor\u00adiza el establec\u00adimiento de enlaces entre otras webs y la suya, siem\u00adpre que se respe\u00adten las sigu\u00adientes condi\u00adciones:\u00a0<br>\u2022 que no se cree la impre\u00adsi\u00f3n de que con\u00adcurre una inex\u00adis\u00adtente relaci\u00f3n o vin\u00adcu\u00adlaci\u00f3n com\u00ader\u00adcial, inclu\u00adidas las rela\u00adciones de dis\u00adtribu\u00adci\u00f3n, agen\u00adcia o con\u00adce\u00adsi\u00f3n entre\u00a0<strong>DEISPAZ<\/strong>\u00a0y los tit\u00adu\u00adlares, respon\u00ads\u00adables o anun\u00adciantes desde la que se crea el enlace;<br>\u2022 que no se cree la impre\u00adsi\u00f3n de que los con\u00adtenidos o web de\u00a0<strong>DEISPAZ<\/strong>pertenecen o han sido dis\u00ade\u00f1a\u00addos por los tit\u00adu\u00adlares, respon\u00ads\u00adables o anun\u00adciantes en la web desde la que se establece el enlace;<br>\u2022 que no se ofrezca una ima\u00adgen de\u00a0<strong>DEISPAZ<\/strong>o de sus pro\u00adduc\u00adtos que resulte dis\u00adtor\u00adsion\u00adada, hila\u00adrante, per\u00adju\u00addi\u00adcial, difamante o equiv\u00ado\u00adcada; y<br>\u2022 que el enlace no se establezca desde una web cuyos con\u00adtenidos resul\u00adten con\u00adtrar\u00adios a la Ley, a la moral y al orden p\u00fablico, inclu\u00adidas aque\u00adl\u00adlas en las que se incluya con\u00adtenido pornogr\u00e1\u00adfico, xen\u00f3\u00adfobo, vio\u00adlento, delic\u00adtivo o il\u00edc\u00adito.<\/p>\n\n\n\n<p><br><strong>5.\u00a0USO\u00a0DEL\u00a0SER\u00adVI\u00adCIO\u00a0Y\u00a0RESPON\u00adS\u00adABIL\u00adI\u00adDADES<\/strong><br>Las condi\u00adciones de acceso y uso de la pre\u00adsente web se rigen estric\u00adta\u00admente por la legal\u00adi\u00addad vigente y por el prin\u00adci\u00adpio de buena fe com\u00adpro\u00admeti\u00e9n\u00addose el usuario a realizar un buen uso de la web y de los ser\u00advi\u00adcios que se ofre\u00adcen.\u00a0<br>Quedan pro\u00adhibidos todos los actos que vul\u00adneren la legal\u00adi\u00addad, dere\u00adchos o intere\u00adses de ter\u00adceros, pro\u00adhibi\u00e9n\u00addose expre\u00adsa\u00admente:\u00a0<br>\u2022 realizar actua\u00adciones que puedan pro\u00adducir en la web o a trav\u00e9s de la misma y por cualquier medio alg\u00fan tipo de da\u00f1o a los sis\u00adtemas de\u00a0<strong>DEISPAZ<\/strong>\u00a0o a ter\u00adceros,<br>\u2022 realizar pub\u00adli\u00adci\u00addad o infor\u00adma\u00adci\u00f3n com\u00ader\u00adcial direc\u00adta\u00admente o de forma encu\u00adbierta spam\u00ading (env\u00edo de correos masivos) o el env\u00edo de grandes men\u00adsajes con el fin de blo\u00adquear los servi\u00addores de la red (mail bomb\u00ading)<br><strong>DEISPAZ\u00a0<\/strong>no puede asumir ninguna respon\u00ads\u00adabil\u00adi\u00addad derivada del uso incor\u00adrecto, inapropi\u00adado o il\u00edc\u00adito de la infor\u00adma\u00adci\u00f3n apare\u00adcida en las p\u00e1gi\u00adnas de Inter\u00adnet de\u00a0<strong>DEISPAZ<\/strong>.\u00a0<br><strong>DEISPAZ<\/strong>\u00a0dec\u00adlina toda respon\u00ads\u00adabil\u00adi\u00addad en caso de que el acceso o las vis\u00adi\u00adtas a su web se vieran imposi\u00adbil\u00adi\u00adtadas o difi\u00adcul\u00adtadas debido a una inter\u00adrup\u00adci\u00f3n o defec\u00adtu\u00adosa prestaci\u00f3n del sum\u00adin\u00adistro el\u00e9c\u00adtrico, tele\u00adf\u00f3nico o de otros provee\u00addores de tele\u00adco\u00admu\u00adni\u00adca\u00adciones ajenos a\u00a0<strong>DEISPAZ<\/strong>, o en el caso de pro\u00adducirse con\u00adflic\u00adtos sociales u otros supuestos de fuerza mayor, o cualquier actuaci\u00f3n de un ter\u00adcero, inclu\u00adi\u00addos los requer\u00adim\u00adien\u00adtos u \u00f3rdenes admin\u00adis\u00adtra\u00adti\u00advas o judi\u00adciales, sab\u00ado\u00adta\u00adjes o sat\u00adu\u00adra\u00adciones, inten\u00adcionadas o no.\u00a0<br>Se dec\u00adlina igual\u00admente toda respon\u00ads\u00adabil\u00adi\u00addad derivada de los da\u00f1os y per\u00adjuicios que pudiera sufrir el vis\u00adi\u00adtante en sus medios infor\u00adm\u00e1ti\u00adcos o telem\u00e1ti\u00adcos a con\u00adse\u00adcuen\u00adcia de la pro\u00adduc\u00adci\u00f3n de cualquiera de las cir\u00adcun\u00adstan\u00adcias ante\u00adri\u00ador\u00admente expues\u00adtas.\u00a0<br><\/p>\n\n\n\n<p><strong>6.\u00a0POL\u00cdTICA\u00a0EN\u00a0PRO\u00adTEC\u00adCI\u00d3N\u00a0DE\u00a0DATOS<\/strong><br><strong>DEISPAZ<\/strong>\u00a0cumple con la nor\u00adma\u00adtiva vigente estable\u00adcida en la Ley\u00a015\u20441999\u00a0de Pro\u00adtec\u00adci\u00f3n de datos de car\u00e1c\u00adter per\u00adsonal y dem\u00e1s leg\u00adis\u00adlaci\u00f3n que la desar\u00adrolla.\u00a0<br>En todo caso, el usuario es infor\u00admado del dere\u00adcho que le asiste de poder ejerci\u00adtar sus dere\u00adchos de acceso, rec\u00adti\u00adfi\u00adcaci\u00f3n, can\u00adcelaci\u00f3n y oposi\u00adci\u00f3n en cualquier momento sobre cualquier dato de car\u00e1c\u00adter per\u00adsonal que nos pro\u00adpor\u00adciones solic\u00adit\u00e1n\u00addolo a\u00a0<strong>DEISPAZ<\/strong>\u00a0a trav\u00e9s de la sigu\u00adiente direc\u00adci\u00f3n de correo\u00a0<a href=\"mailto:info@deispaz.org\">info@deispaz.org<\/a>\u00a0<strong>DEISPAZ<\/strong>\u00a0se com\u00adpro\u00adm\u00adete a can\u00adce\u00adlar los datos per\u00adson\u00adales cuando hayan dejado de ser nece\u00adsar\u00adios o per\u00adti\u00adnentes para la final\u00adi\u00addad para la cual fueron recogi\u00addos a trav\u00e9s del for\u00admu\u00adla\u00adrio habil\u00adi\u00adtado a tal efecto y alma\u00adce\u00adna\u00addos en el correo elec\u00adtr\u00f3nico sin incluirse en ning\u00fan fichero de datos: aten\u00adder a las peti\u00adciones de infor\u00adma\u00adci\u00f3n solic\u00adi\u00adtadas por el usuario, siendo el respon\u00ads\u00adable del tratamiento\u00a0<strong>DEISPAZ<\/strong>\u00a0con domi\u00adcilio y local\u00adizaci\u00f3n indi\u00adca\u00addos en la iden\u00adti\u00adfi\u00adcaci\u00f3n gen\u00aderal pre\u00adsente de forma gra\u00adtuita y per\u00adma\u00adnente en esta web.\u00a0<br>De otra parte se informa a los usuar\u00adios del uso de cook\u00adies para obtener infor\u00adma\u00adci\u00f3n y realizar an\u00e1li\u00adsis estad\u00eds\u00adti\u00adcos sobre el uso de nue\u00adstro sitio web. Las cook\u00adies que uti\u00adliza\u00a0<strong>DEISPAZ\u00a0<\/strong>son an\u00f3n\u00adi\u00admas y no se refieren a los datos per\u00adson\u00adales del usuario ni se puede acceder a trav\u00e9s de las mis\u00admas a datos del disco duro del usuario. La iden\u00adti\u00addad del usuario nunca es inser\u00adtada direc\u00adta\u00admente en la cookie y por tanto no es inter\u00adcept\u00adable.<\/p>\n\n\n\n<p>6. El pro\u00adto\u00adcolo uti\u00adlizado se trata de un pro\u00adto\u00adcolo sin estado, lo que sig\u00adnifica que se carece de medios para rela\u00adcionar infor\u00adma\u00adci\u00f3n con\u00adcerniente a una peti\u00adci\u00f3n con otra peti\u00adci\u00f3n ante\u00adrior o pos\u00adte\u00adrior. Este pro\u00adto\u00adcolo no conoce a la per\u00adsona a quien est\u00e1 enviando una p\u00e1gina ni cu\u00e1n\u00adtas p\u00e1gi\u00adnas le haya podido enviar, incluso aunque nos hayamos conec\u00adtado hace escasa\u00admente algunos segun\u00addos, ya que cada peti\u00adci\u00f3n de la p\u00e1gina se procesa inde\u00adpen\u00addi\u00aden\u00adte\u00admente.&nbsp;<\/p>\n\n\n\n<p><strong>7.\u00a0JURIS\u00adDIC\u00adCI\u00d3N\u00a0Y\u00a0LEY\u00a0APLIC\u00adA\u00adBLE<\/strong><br>El pre\u00adsente aviso legal y condi\u00adciones gen\u00aderales se rigen por la leg\u00adis\u00adlaci\u00f3n Colom\u00adbiana. El usuario acepta estos T\u00e9r\u00admi\u00adnos de Uso, y cualquier tipo de con\u00adtro\u00adver\u00adsia rel\u00ada\u00adtiva al uso de este sitio web, ser\u00e1 inter\u00adpre\u00adtado con arreglo a las leyes vigentes en el lugar de res\u00adi\u00adden\u00adcia del propi\u00adetario de este sitio web, teniendo com\u00adpe\u00adten\u00adcia para la res\u00adolu\u00adci\u00f3n de todo liti\u00adgio o con\u00adflicto que pueda sur\u00adgir los Juz\u00adga\u00addos y Tri\u00adbunales com\u00adpe\u00adtentes den\u00adtro del \u00e1mbito ter\u00adri\u00adto\u00adr\u00adial Colom\u00adbiano, renun\u00adciando expre\u00adsa\u00admente el usuario a cualquier otro fuero.<\/p>\n","protected":false},"excerpt":{"rendered":"<p>AVISO LEGAL. 1. ACEPTACI\u00d3N\u00a0DE\u00a0LOS\u00a0T\u00c9R\u00adMI\u00adNOS\u00a0DE\u00a0USOLa visita o acceso a este sitio web es abso\u00adlu\u00adta\u00admente vol\u00adun\u00adtaria atribuyendo a quien accede al mismo la condi\u00adci\u00f3n de usuario. Aten\u00addi\u00adendo a su condi\u00adci\u00f3n de usuario, y por el hecho de acceder a este sitio web propiedad de\u00a0DEISPAZ\u00a0se le exige la aceptaci\u00f3n de los T\u00e9r\u00admi\u00adnos de [&hellip;]<\/p>\n","protected":false},"author":1,"featured_media":0,"parent":0,"menu_order":0,"comment_status":"closed","ping_status":"closed","template":"","meta":{"inline_featured_image":false,"footnotes":""},"aioseo_notices":[],"_links":{"self":[{"href":"https:\/\/deispaz.org\/index.php\/wp-json\/wp\/v2\/pages\/27"}],"collection":[{"href":"https:\/\/deispaz.org\/index.php\/wp-json\/wp\/v2\/pages"}],"about":[{"href":"https:\/\/deispaz.org\/index.php\/wp-json\/wp\/v2\/types\/page"}],"author":[{"embeddable":true,"href":"https:\/\/deispaz.org\/index.php\/wp-json\/wp\/v2\/users\/1"}],"replies":[{"embeddable":true,"href":"https:\/\/deispaz.org\/index.php\/wp-json\/wp\/v2\/comments?post=27"}],"version-history":[{"count":4,"href":"https:\/\/deispaz.org\/index.php\/wp-json\/wp\/v2\/pages\/27\/revisions"}],"predecessor-version":[{"id":54,"href":"https:\/\/deispaz.org\/index.php\/wp-json\/wp\/v2\/pages\/27\/revisions\/54"}],"wp:attachment":[{"href":"https:\/\/deispaz.org\/index.php\/wp-json\/wp\/v2\/media?parent=27"}],"curies":[{"name":"wp","href":"https:\/\/api.w.org\/{rel}","templated":true}]}}