{"id":10,"date":"2024-03-14T08:15:25","date_gmt":"2024-03-14T07:15:25","guid":{"rendered":"https:\/\/deispaz.org\/?page_id=10"},"modified":"2024-03-19T20:04:37","modified_gmt":"2024-03-19T19:04:37","slug":"quienes-somos","status":"publish","type":"page","link":"https:\/\/deispaz.org\/index.php\/quienes-somos\/","title":{"rendered":"Quienes somos"},"content":{"rendered":"\n<p><strong>Presentaci\u00f3n<\/strong><\/p>\n\n\n\n<p>La Corporaci\u00f3n para el Desarrollo Integral Sostenible y la Paz del Guaviare \u2013 DEISPAZ, antes Consorcio por el Desarrollo Integral Sostenible y la Paz, est\u00e1 conformada por parte de dos organizaciones sin \u00e1nimo de lucro, con amplia trayectoria en el Departamento del Guaviare: Corporaci\u00f3n para la Investigaci\u00f3n, Desarrollo Agropecuario y Ambiental y Movimiento Juventud por el Guaviare.&nbsp; La Corporaci\u00f3n DEISPAZ, nace como persona jur\u00eddica, entidad sin \u00e1nimo de lucro en noviembre del a\u00f1o 2016 y a partir de ese momento ha continuado su esfuerzo en funci\u00f3n de alinear las necesidades del territorio con los objetivos misionales que se traz\u00f3<\/p>\n\n\n\n<p>El quehacer de la organizaci\u00f3n, se fundamenta en la formulaci\u00f3n, gesti\u00f3n y ejecuci\u00f3n de acciones que dan vida a los objetivos misionales y con las que se propone lograr impactos favorables en la poblaci\u00f3n a la cual se dirigieron \u00e9stas.<\/p>\n\n\n\n<p>La Corporaci\u00f3n Deispaz, ha realizado su labor, enfocada en las l\u00edneas estrat\u00e9gicas definidas para su accionar y que se enfocan en \u00a0\u00a0<strong>1. Desarrollo Productivo Sostenible, 2. Ordenamiento territorial, Tierras y Territorio, 3. Capacidades Locales y espacios de participaci\u00f3n, 4. Gesti\u00f3n de conocimiento y medios de comunicaci\u00f3n comunitaria, 5. Derechos humanos y atenci\u00f3n humanitaria a v\u00edctimas.<\/strong> En su trayectoria se ha destacado por las pr\u00e1cticas de buen gobierno, que le han permitido generar un ambiente de confianza y credibilidad y que garantizan la estabilidad y armon\u00eda en las relaciones con las entidades donantes y cooperantes con quienes se ejecutan proyectos sociales que est\u00e1n pensados desde la rentabilidad social ; as\u00ed mismo la sinergia que se ha alcanzado con entidades territoriales, organizaciones sociales de base y entidades descentralizadas. Su gesti\u00f3n se ha caracterizado por la articulaci\u00f3n efectiva a la din\u00e1mica regional, la creaci\u00f3n de alianzas estrat\u00e9gicas en favor de metas comunes y la rendici\u00f3n social de cuentas.<\/p>\n\n\n\n<p><strong>Orientaci\u00f3n Estrat\u00e9gica<\/strong><\/p>\n\n\n\n<p>La Corporaci\u00f3n DEISPAZ, es una entidad sin \u00e1nimo de lucro, organizaci\u00f3n no gubernamental, sin distingo de razas, religi\u00f3n o condici\u00f3n social, que como tal se rige por el derecho privado, la Constituci\u00f3n Pol\u00edtica Nacional y las Normas legales vigentes, vigilada seg\u00fan lo dispuesto en la Normas y leyes vigentes.&nbsp; Su zona de influencia es el Departamento del Guaviare, no obstante, puede ampliar su cobertura a nivel nacional, en desarrollo de su objeto social:<\/p>\n","protected":false},"excerpt":{"rendered":"<p>Presentaci\u00f3n La Corporaci\u00f3n para el Desarrollo Integral Sostenible y la Paz del Guaviare \u2013 DEISPAZ, antes Consorcio por el Desarrollo Integral Sostenible y la Paz, est\u00e1 conformada por parte de dos organizaciones sin \u00e1nimo de lucro, con amplia trayectoria en el Departamento del Guaviare: Corporaci\u00f3n para la Investigaci\u00f3n, Desarrollo Agropecuario [&hellip;]<\/p>\n","protected":false},"author":1,"featured_media":0,"parent":0,"menu_order":0,"comment_status":"closed","ping_status":"closed","template":"","meta":{"inline_featured_image":false,"footnotes":""},"aioseo_notices":[],"_links":{"self":[{"href":"https:\/\/deispaz.org\/index.php\/wp-json\/wp\/v2\/pages\/10"}],"collection":[{"href":"https:\/\/deispaz.org\/index.php\/wp-json\/wp\/v2\/pages"}],"about":[{"href":"https:\/\/deispaz.org\/index.php\/wp-json\/wp\/v2\/types\/page"}],"author":[{"embeddable":true,"href":"https:\/\/deispaz.org\/index.php\/wp-json\/wp\/v2\/users\/1"}],"replies":[{"embeddable":true,"href":"https:\/\/deispaz.org\/index.php\/wp-json\/wp\/v2\/comments?post=10"}],"version-history":[{"count":4,"href":"https:\/\/deispaz.org\/index.php\/wp-json\/wp\/v2\/pages\/10\/revisions"}],"predecessor-version":[{"id":145,"href":"https:\/\/deispaz.org\/index.php\/wp-json\/wp\/v2\/pages\/10\/revisions\/145"}],"wp:attachment":[{"href":"https:\/\/deispaz.org\/index.php\/wp-json\/wp\/v2\/media?parent=10"}],"curies":[{"name":"wp","href":"https:\/\/api.w.org\/{rel}","templated":true}]}}